{"id":172,"date":"2020-11-23T00:18:02","date_gmt":"2020-11-22T23:18:02","guid":{"rendered":"http:\/\/srcosset.com\/?page_id=172"},"modified":"2024-10-21T14:32:17","modified_gmt":"2024-10-21T12:32:17","slug":"les-nouvelles-fables","status":"publish","type":"page","link":"https:\/\/srcosset.com\/?page_id=172","title":{"rendered":"Les Nouvelles Fables"},"content":{"rendered":"\n<p class=\"has-text-align-center\">20 fables \u00e9crites par Yves LE GUERN, illustr\u00e9es par S.R.COSSET.<br>La Fontaine revisit\u00e9 et actualis\u00e9, agr\u00e9ment\u00e9 d&rsquo;une bonne dose d&rsquo;humour d\u00e9capant !<\/p>\n\n\n\n<p class=\"has-text-align-center\"><span style=\"color:#ff0004\" class=\"has-inline-color\">POUR ADOS ET ADULTES<\/span><\/p>\n\n\n\n<p class=\"has-text-align-center\"><em>48 pages couleurs &#8211; couverture cartonn\u00e9e souple coll\u00e9e cousue &#8211; 15 x 21 cm<\/em><\/p>\n\n\n\n<p class=\"has-text-align-center\">ISBN : 978-2-9535609-2-3<\/p>\n\n\n\n<p class=\"has-text-align-center\"><strong><span style=\"color:#ff0004\" class=\"has-inline-color\">PRIX : 10 euros<\/span><\/strong><\/p>\n\n\n\n<figure class=\"wp-block-gallery columns-3 is-cropped wp-block-gallery-1 is-layout-flex wp-block-gallery-is-layout-flex\"><ul class=\"blocks-gallery-grid\"><li class=\"blocks-gallery-item\"><figure><a href=\"http:\/\/srcosset.com\/wp-content\/uploads\/2020\/11\/03-Fables001b-scaled.jpg\"><img fetchpriority=\"high\" decoding=\"async\" width=\"300\" height=\"212\" src=\"http:\/\/srcosset.com\/wp-content\/uploads\/2020\/11\/03-Fables001b-300x212.jpg\" alt=\"\" data-id=\"173\" data-full-url=\"http:\/\/srcosset.com\/wp-content\/uploads\/2020\/11\/03-Fables001b-scaled.jpg\" data-link=\"http:\/\/srcosset.com\/?attachment_id=173\" class=\"wp-image-173\" srcset=\"https:\/\/srcosset.com\/wp-content\/uploads\/2020\/11\/03-Fables001b-300x212.jpg 300w, https:\/\/srcosset.com\/wp-content\/uploads\/2020\/11\/03-Fables001b-1024x724.jpg 1024w, https:\/\/srcosset.com\/wp-content\/uploads\/2020\/11\/03-Fables001b-768x543.jpg 768w, https:\/\/srcosset.com\/wp-content\/uploads\/2020\/11\/03-Fables001b-1536x1086.jpg 1536w, https:\/\/srcosset.com\/wp-content\/uploads\/2020\/11\/03-Fables001b-2048x1448.jpg 2048w, https:\/\/srcosset.com\/wp-content\/uploads\/2020\/11\/03-Fables001b-1200x848.jpg 1200w, https:\/\/srcosset.com\/wp-content\/uploads\/2020\/11\/03-Fables001b-1980x1400.jpg 1980w\" sizes=\"(max-width: 300px) 100vw, 300px\" \/><\/a><\/figure><\/li><li class=\"blocks-gallery-item\"><figure><a href=\"http:\/\/srcosset.com\/wp-content\/uploads\/2020\/11\/03-Fables002b-scaled.jpg\"><img decoding=\"async\" width=\"300\" height=\"212\" src=\"http:\/\/srcosset.com\/wp-content\/uploads\/2020\/11\/03-Fables002b-300x212.jpg\" alt=\"\" data-id=\"174\" data-full-url=\"http:\/\/srcosset.com\/wp-content\/uploads\/2020\/11\/03-Fables002b-scaled.jpg\" data-link=\"http:\/\/srcosset.com\/?attachment_id=174\" class=\"wp-image-174\" srcset=\"https:\/\/srcosset.com\/wp-content\/uploads\/2020\/11\/03-Fables002b-300x212.jpg 300w, https:\/\/srcosset.com\/wp-content\/uploads\/2020\/11\/03-Fables002b-1024x724.jpg 1024w, https:\/\/srcosset.com\/wp-content\/uploads\/2020\/11\/03-Fables002b-768x543.jpg 768w, https:\/\/srcosset.com\/wp-content\/uploads\/2020\/11\/03-Fables002b-1536x1086.jpg 1536w, https:\/\/srcosset.com\/wp-content\/uploads\/2020\/11\/03-Fables002b-2048x1448.jpg 2048w, https:\/\/srcosset.com\/wp-content\/uploads\/2020\/11\/03-Fables002b-1200x848.jpg 1200w, https:\/\/srcosset.com\/wp-content\/uploads\/2020\/11\/03-Fables002b-1980x1400.jpg 1980w\" sizes=\"(max-width: 300px) 100vw, 300px\" \/><\/a><\/figure><\/li><li class=\"blocks-gallery-item\"><figure><a href=\"http:\/\/srcosset.com\/wp-content\/uploads\/2020\/11\/03-Fables003b-scaled.jpg\"><img decoding=\"async\" width=\"300\" height=\"212\" src=\"http:\/\/srcosset.com\/wp-content\/uploads\/2020\/11\/03-Fables003b-300x212.jpg\" alt=\"\" data-id=\"175\" data-full-url=\"http:\/\/srcosset.com\/wp-content\/uploads\/2020\/11\/03-Fables003b-scaled.jpg\" data-link=\"http:\/\/srcosset.com\/?attachment_id=175\" class=\"wp-image-175\" srcset=\"https:\/\/srcosset.com\/wp-content\/uploads\/2020\/11\/03-Fables003b-300x212.jpg 300w, https:\/\/srcosset.com\/wp-content\/uploads\/2020\/11\/03-Fables003b-1024x724.jpg 1024w, https:\/\/srcosset.com\/wp-content\/uploads\/2020\/11\/03-Fables003b-768x543.jpg 768w, https:\/\/srcosset.com\/wp-content\/uploads\/2020\/11\/03-Fables003b-1536x1086.jpg 1536w, https:\/\/srcosset.com\/wp-content\/uploads\/2020\/11\/03-Fables003b-2048x1448.jpg 2048w, https:\/\/srcosset.com\/wp-content\/uploads\/2020\/11\/03-Fables003b-1200x848.jpg 1200w, https:\/\/srcosset.com\/wp-content\/uploads\/2020\/11\/03-Fables003b-1980x1400.jpg 1980w\" sizes=\"(max-width: 300px) 100vw, 300px\" \/><\/a><\/figure><\/li><\/ul><\/figure>\n","protected":false},"excerpt":{"rendered":"<p>20 fables \u00e9crites par Yves LE GUERN, illustr\u00e9es par S.R.COSSET.La Fontaine revisit\u00e9 et actualis\u00e9, agr\u00e9ment\u00e9 d&rsquo;une bonne dose d&rsquo;humour d\u00e9capant ! POUR ADOS ET ADULTES 48 pages couleurs &#8211; couverture cartonn\u00e9e souple coll\u00e9e cousue &#8211; 15 x 21 cm ISBN : 978-2-9535609-2-3 PRIX : 10 euros<\/p>\n","protected":false},"author":2,"featured_media":307,"parent":0,"menu_order":22,"comment_status":"closed","ping_status":"closed","template":"","meta":{"footnotes":""},"class_list":["post-172","page","type-page","status-publish","has-post-thumbnail","hentry"],"_links":{"self":[{"href":"https:\/\/srcosset.com\/index.php?rest_route=\/wp\/v2\/pages\/172","targetHints":{"allow":["GET"]}}],"collection":[{"href":"https:\/\/srcosset.com\/index.php?rest_route=\/wp\/v2\/pages"}],"about":[{"href":"https:\/\/srcosset.com\/index.php?rest_route=\/wp\/v2\/types\/page"}],"author":[{"embeddable":true,"href":"https:\/\/srcosset.com\/index.php?rest_route=\/wp\/v2\/users\/2"}],"replies":[{"embeddable":true,"href":"https:\/\/srcosset.com\/index.php?rest_route=%2Fwp%2Fv2%2Fcomments&post=172"}],"version-history":[{"count":2,"href":"https:\/\/srcosset.com\/index.php?rest_route=\/wp\/v2\/pages\/172\/revisions"}],"predecessor-version":[{"id":308,"href":"https:\/\/srcosset.com\/index.php?rest_route=\/wp\/v2\/pages\/172\/revisions\/308"}],"wp:featuredmedia":[{"embeddable":true,"href":"https:\/\/srcosset.com\/index.php?rest_route=\/wp\/v2\/media\/307"}],"wp:attachment":[{"href":"https:\/\/srcosset.com\/index.php?rest_route=%2Fwp%2Fv2%2Fmedia&parent=172"}],"curies":[{"name":"wp","href":"https:\/\/api.w.org\/{rel}","templated":true}]}}