{"id":191,"date":"2020-11-23T18:33:05","date_gmt":"2020-11-23T17:33:05","guid":{"rendered":"http:\/\/srcosset.com\/?page_id=191"},"modified":"2024-10-21T14:32:17","modified_gmt":"2024-10-21T12:32:17","slug":"le-cine-des-cines","status":"publish","type":"page","link":"https:\/\/srcosset.com\/?page_id=191","title":{"rendered":"Le Cin\u00e9 des Cin\u00e9s"},"content":{"rendered":"\n<p class=\"has-text-align-center\">Les blockbusters am\u00e9ricains et les stars d&rsquo;Hollywood peuvent se cacher !<br>48 pages de d\u00e9lires sur les s\u00e9ries et les films fantastiques !<\/p>\n\n\n\n<p class=\"has-text-align-center\"><span style=\"color:#ff0004\" class=\"has-inline-color\">POUR ADOS ET ADULTES<\/span><\/p>\n\n\n\n<p class=\"has-text-align-center\"><em>48 pages couleurs &#8211; couverture cartonn\u00e9e rigide &#8211; 21 x 15 cm<\/em><br>ISBN : 978-2-9535609-4-7<\/p>\n\n\n\n<p class=\"has-text-align-center\"><strong><span style=\"color:#ff0004\" class=\"has-inline-color\">PRIX : 10 euros<\/span><\/strong><\/p>\n\n\n\n<figure class=\"wp-block-gallery columns-3 is-cropped wp-block-gallery-1 is-layout-flex wp-block-gallery-is-layout-flex\"><ul class=\"blocks-gallery-grid\"><li class=\"blocks-gallery-item\"><figure><a href=\"http:\/\/srcosset.com\/wp-content\/uploads\/2020\/11\/05-Cine01.jpg\"><img fetchpriority=\"high\" decoding=\"async\" width=\"212\" height=\"300\" src=\"http:\/\/srcosset.com\/wp-content\/uploads\/2020\/11\/05-Cine01-212x300.jpg\" alt=\"\" data-id=\"192\" data-full-url=\"http:\/\/srcosset.com\/wp-content\/uploads\/2020\/11\/05-Cine01.jpg\" data-link=\"http:\/\/srcosset.com\/?attachment_id=192\" class=\"wp-image-192\" srcset=\"https:\/\/srcosset.com\/wp-content\/uploads\/2020\/11\/05-Cine01-212x300.jpg 212w, https:\/\/srcosset.com\/wp-content\/uploads\/2020\/11\/05-Cine01-724x1024.jpg 724w, https:\/\/srcosset.com\/wp-content\/uploads\/2020\/11\/05-Cine01-768x1086.jpg 768w, https:\/\/srcosset.com\/wp-content\/uploads\/2020\/11\/05-Cine01-1086x1536.jpg 1086w, https:\/\/srcosset.com\/wp-content\/uploads\/2020\/11\/05-Cine01-1448x2048.jpg 1448w, https:\/\/srcosset.com\/wp-content\/uploads\/2020\/11\/05-Cine01-1200x1697.jpg 1200w, https:\/\/srcosset.com\/wp-content\/uploads\/2020\/11\/05-Cine01.jpg 1754w\" sizes=\"(max-width: 212px) 100vw, 212px\" \/><\/a><\/figure><\/li><li class=\"blocks-gallery-item\"><figure><a href=\"http:\/\/srcosset.com\/wp-content\/uploads\/2020\/11\/05-Cine02.jpg\"><img decoding=\"async\" width=\"212\" height=\"300\" src=\"http:\/\/srcosset.com\/wp-content\/uploads\/2020\/11\/05-Cine02-212x300.jpg\" alt=\"\" data-id=\"193\" data-full-url=\"http:\/\/srcosset.com\/wp-content\/uploads\/2020\/11\/05-Cine02.jpg\" data-link=\"http:\/\/srcosset.com\/?attachment_id=193\" class=\"wp-image-193\" srcset=\"https:\/\/srcosset.com\/wp-content\/uploads\/2020\/11\/05-Cine02-212x300.jpg 212w, https:\/\/srcosset.com\/wp-content\/uploads\/2020\/11\/05-Cine02-724x1024.jpg 724w, https:\/\/srcosset.com\/wp-content\/uploads\/2020\/11\/05-Cine02-768x1086.jpg 768w, https:\/\/srcosset.com\/wp-content\/uploads\/2020\/11\/05-Cine02-1086x1536.jpg 1086w, https:\/\/srcosset.com\/wp-content\/uploads\/2020\/11\/05-Cine02-1448x2048.jpg 1448w, https:\/\/srcosset.com\/wp-content\/uploads\/2020\/11\/05-Cine02-1200x1697.jpg 1200w, https:\/\/srcosset.com\/wp-content\/uploads\/2020\/11\/05-Cine02.jpg 1754w\" sizes=\"(max-width: 212px) 100vw, 212px\" \/><\/a><\/figure><\/li><li class=\"blocks-gallery-item\"><figure><a href=\"http:\/\/srcosset.com\/wp-content\/uploads\/2020\/11\/05-Cine03.jpg\"><img decoding=\"async\" width=\"212\" height=\"300\" src=\"http:\/\/srcosset.com\/wp-content\/uploads\/2020\/11\/05-Cine03-212x300.jpg\" alt=\"\" data-id=\"194\" data-full-url=\"http:\/\/srcosset.com\/wp-content\/uploads\/2020\/11\/05-Cine03.jpg\" data-link=\"http:\/\/srcosset.com\/?attachment_id=194\" class=\"wp-image-194\" srcset=\"https:\/\/srcosset.com\/wp-content\/uploads\/2020\/11\/05-Cine03-212x300.jpg 212w, https:\/\/srcosset.com\/wp-content\/uploads\/2020\/11\/05-Cine03-724x1024.jpg 724w, https:\/\/srcosset.com\/wp-content\/uploads\/2020\/11\/05-Cine03-768x1086.jpg 768w, https:\/\/srcosset.com\/wp-content\/uploads\/2020\/11\/05-Cine03-1086x1536.jpg 1086w, https:\/\/srcosset.com\/wp-content\/uploads\/2020\/11\/05-Cine03-1448x2048.jpg 1448w, https:\/\/srcosset.com\/wp-content\/uploads\/2020\/11\/05-Cine03-1200x1697.jpg 1200w, https:\/\/srcosset.com\/wp-content\/uploads\/2020\/11\/05-Cine03.jpg 1754w\" sizes=\"(max-width: 212px) 100vw, 212px\" \/><\/a><\/figure><\/li><\/ul><\/figure>\n","protected":false},"excerpt":{"rendered":"<p>Les blockbusters am\u00e9ricains et les stars d&rsquo;Hollywood peuvent se cacher !48 pages de d\u00e9lires sur les s\u00e9ries et les films fantastiques ! POUR ADOS ET ADULTES 48 pages couleurs &#8211; couverture cartonn\u00e9e rigide &#8211; 21 x 15 cmISBN : 978-2-9535609-4-7 PRIX : 10 euros<\/p>\n","protected":false},"author":2,"featured_media":305,"parent":0,"menu_order":24,"comment_status":"closed","ping_status":"closed","template":"","meta":{"footnotes":""},"class_list":["post-191","page","type-page","status-publish","has-post-thumbnail","hentry"],"_links":{"self":[{"href":"https:\/\/srcosset.com\/index.php?rest_route=\/wp\/v2\/pages\/191","targetHints":{"allow":["GET"]}}],"collection":[{"href":"https:\/\/srcosset.com\/index.php?rest_route=\/wp\/v2\/pages"}],"about":[{"href":"https:\/\/srcosset.com\/index.php?rest_route=\/wp\/v2\/types\/page"}],"author":[{"embeddable":true,"href":"https:\/\/srcosset.com\/index.php?rest_route=\/wp\/v2\/users\/2"}],"replies":[{"embeddable":true,"href":"https:\/\/srcosset.com\/index.php?rest_route=%2Fwp%2Fv2%2Fcomments&post=191"}],"version-history":[{"count":3,"href":"https:\/\/srcosset.com\/index.php?rest_route=\/wp\/v2\/pages\/191\/revisions"}],"predecessor-version":[{"id":306,"href":"https:\/\/srcosset.com\/index.php?rest_route=\/wp\/v2\/pages\/191\/revisions\/306"}],"wp:featuredmedia":[{"embeddable":true,"href":"https:\/\/srcosset.com\/index.php?rest_route=\/wp\/v2\/media\/305"}],"wp:attachment":[{"href":"https:\/\/srcosset.com\/index.php?rest_route=%2Fwp%2Fv2%2Fmedia&parent=191"}],"curies":[{"name":"wp","href":"https:\/\/api.w.org\/{rel}","templated":true}]}}