{"id":260,"date":"2020-11-23T23:24:36","date_gmt":"2020-11-23T22:24:36","guid":{"rendered":"http:\/\/srcosset.com\/?page_id=260"},"modified":"2024-10-21T14:32:17","modified_gmt":"2024-10-21T12:32:17","slug":"romans","status":"publish","type":"page","link":"https:\/\/srcosset.com\/?page_id=260","title":{"rendered":"ROMANS"},"content":{"rendered":"\n<p><span style=\"background-color:rgba(0, 0, 0, 0);color:#ff0004\" class=\"has-inline-color\">Cliquez sur les images pour acc\u00e9der aux informations des ouvrages<\/span><\/p>\n\n\n\n<div class=\"wp-block-media-text alignwide is-stacked-on-mobile\" style=\"grid-template-columns:16% auto\"><figure class=\"wp-block-media-text__media\"><a href=\"http:\/\/srcosset.com\/index.php\/arkana\/\"><img loading=\"lazy\" decoding=\"async\" width=\"3661\" height=\"5197\" src=\"http:\/\/srcosset.com\/wp-content\/uploads\/2022\/12\/Couverture-Recto-Tome1.jpg\" alt=\"\" class=\"wp-image-396 size-full\"\/><\/a><\/figure><div class=\"wp-block-media-text__content\">\n<p class=\"has-large-font-size\">ARKANA STALDE\u00cfN &#8211; Tome 1 : Apocalypse<\/p>\n<\/div><\/div>\n\n\n\n<div class=\"wp-block-media-text alignwide is-stacked-on-mobile\" style=\"grid-template-columns:16% auto\"><figure class=\"wp-block-media-text__media\"><a href=\"http:\/\/srcosset.com\/index.php\/arkana-staldein\/\"><img loading=\"lazy\" decoding=\"async\" width=\"327\" height=\"464\" src=\"https:\/\/srcosset.com\/wp-content\/uploads\/2023\/11\/12-Arkana-2.jpg\" alt=\"\" class=\"wp-image-428 size-full\" srcset=\"https:\/\/srcosset.com\/wp-content\/uploads\/2023\/11\/12-Arkana-2.jpg 327w, https:\/\/srcosset.com\/wp-content\/uploads\/2023\/11\/12-Arkana-2-211x300.jpg 211w\" sizes=\"auto, (max-width: 327px) 100vw, 327px\" \/><\/a><\/figure><div class=\"wp-block-media-text__content\">\n<p class=\"has-large-font-size\">ARKANA STALDE\u00cfN &#8211; Tome 2 : Pr\u00e9quelles<\/p>\n<\/div><\/div>\n","protected":false},"excerpt":{"rendered":"<p>Cliquez sur les images pour acc\u00e9der aux informations des ouvrages ARKANA STALDE\u00cfN &#8211; Tome 1 : Apocalypse ARKANA STALDE\u00cfN &#8211; Tome 2 : Pr\u00e9quelles<\/p>\n","protected":false},"author":2,"featured_media":0,"parent":0,"menu_order":25,"comment_status":"closed","ping_status":"closed","template":"","meta":{"footnotes":""},"class_list":["post-260","page","type-page","status-publish","hentry"],"_links":{"self":[{"href":"https:\/\/srcosset.com\/index.php?rest_route=\/wp\/v2\/pages\/260","targetHints":{"allow":["GET"]}}],"collection":[{"href":"https:\/\/srcosset.com\/index.php?rest_route=\/wp\/v2\/pages"}],"about":[{"href":"https:\/\/srcosset.com\/index.php?rest_route=\/wp\/v2\/types\/page"}],"author":[{"embeddable":true,"href":"https:\/\/srcosset.com\/index.php?rest_route=\/wp\/v2\/users\/2"}],"replies":[{"embeddable":true,"href":"https:\/\/srcosset.com\/index.php?rest_route=%2Fwp%2Fv2%2Fcomments&post=260"}],"version-history":[{"count":7,"href":"https:\/\/srcosset.com\/index.php?rest_route=\/wp\/v2\/pages\/260\/revisions"}],"predecessor-version":[{"id":443,"href":"https:\/\/srcosset.com\/index.php?rest_route=\/wp\/v2\/pages\/260\/revisions\/443"}],"wp:attachment":[{"href":"https:\/\/srcosset.com\/index.php?rest_route=%2Fwp%2Fv2%2Fmedia&parent=260"}],"curies":[{"name":"wp","href":"https:\/\/api.w.org\/{rel}","templated":true}]}}