{"id":496,"date":"2024-06-16T15:34:38","date_gmt":"2024-06-16T13:34:38","guid":{"rendered":"https:\/\/srcosset.com\/?page_id=496"},"modified":"2026-02-03T11:07:55","modified_gmt":"2026-02-03T10:07:55","slug":"arkana-staldein-artbook","status":"publish","type":"page","link":"https:\/\/srcosset.com\/?page_id=496","title":{"rendered":"Arkana Stalde\u00efn Artbook"},"content":{"rendered":"\n<h4 class=\"wp-block-heading has-text-align-center has-text-color has-link-color wp-elements-ecbf47f31b41b672f87dd534f3f8a9e1\" style=\"color:#ff0101\"><strong>PRIX DES REMPARTS <\/strong><br><strong>\u00ab\u00a0Coup de Coeur\u00a0\u00bb 2026 <br>Salon du Livre de NAVARRENX (64)<\/strong><\/h4>\n\n\n\n<p>          L&rsquo;histoire d&rsquo;Arkana Stalde\u00efn tourne dans ma t\u00eate depuis plus de trente ans. Pr\u00e9vue au d\u00e9part sous forme de BD, elle est devenue inadaptable \u00e0 force de se d\u00e9velopper, d&rsquo;o\u00f9 le choix du roman. <br>          Cependant, j&rsquo;avais cumul\u00e9 des esquisses, des illustrations, des recherches ; des auteurs et des ami(e)s m&rsquo;ont offert leur version ; des figurines ont \u00e9t\u00e9 cr\u00e9\u00e9es&#8230;<br>          Ce recueil r\u00e9unit toutes les oeuvres r\u00e9alis\u00e9es autour des romans, illustrant certains \u00e9pisodes ou compl\u00e9tant certaines sc\u00e8nes.<\/p>\n\n\n\n<p class=\"has-text-align-center has-text-color has-link-color wp-elements-1338c6ca674a31191534fd27c3e7647e\" style=\"color:#ff0000\">POUR TOUT PUBLIC<\/p>\n\n\n\n<p class=\"has-text-align-center\"><em>100 pages couleurs \u2013 couverture cartonn\u00e9e rigide \u2013 21 x 14,8 cm<\/em><\/p>\n\n\n\n<p class=\"has-text-align-center\">ISBN : 978-2-9581610-2-6<\/p>\n\n\n\n<p class=\"has-text-align-center has-text-color has-link-color wp-elements-852a173026f95b149bd19f8b9c7e0ef5\" style=\"color:#ff0000\"><strong>PRIX : 15 euros<\/strong><\/p>\n\n\n\n<figure class=\"wp-block-gallery has-nested-images columns-default is-cropped wp-block-gallery-1 is-layout-flex wp-block-gallery-is-layout-flex\">\n<figure class=\"wp-block-image size-large\"><img loading=\"lazy\" decoding=\"async\" width=\"724\" height=\"1024\" data-id=\"505\" src=\"https:\/\/srcosset.com\/wp-content\/uploads\/2024\/06\/13-Arkana001-724x1024.jpg\" alt=\"\" class=\"wp-image-505\" srcset=\"https:\/\/srcosset.com\/wp-content\/uploads\/2024\/06\/13-Arkana001-724x1024.jpg 724w, https:\/\/srcosset.com\/wp-content\/uploads\/2024\/06\/13-Arkana001-212x300.jpg 212w, https:\/\/srcosset.com\/wp-content\/uploads\/2024\/06\/13-Arkana001-768x1086.jpg 768w, https:\/\/srcosset.com\/wp-content\/uploads\/2024\/06\/13-Arkana001-1086x1536.jpg 1086w, https:\/\/srcosset.com\/wp-content\/uploads\/2024\/06\/13-Arkana001-1448x2048.jpg 1448w, https:\/\/srcosset.com\/wp-content\/uploads\/2024\/06\/13-Arkana001-1200x1697.jpg 1200w, https:\/\/srcosset.com\/wp-content\/uploads\/2024\/06\/13-Arkana001-1980x2801.jpg 1980w, https:\/\/srcosset.com\/wp-content\/uploads\/2024\/06\/13-Arkana001-scaled.jpg 1810w\" sizes=\"auto, (max-width: 724px) 100vw, 724px\" \/><\/figure>\n\n\n\n<figure class=\"wp-block-image size-large\"><img loading=\"lazy\" decoding=\"async\" width=\"724\" height=\"1024\" data-id=\"506\" src=\"https:\/\/srcosset.com\/wp-content\/uploads\/2024\/06\/13-Arkana002-724x1024.jpg\" alt=\"\" class=\"wp-image-506\" srcset=\"https:\/\/srcosset.com\/wp-content\/uploads\/2024\/06\/13-Arkana002-724x1024.jpg 724w, https:\/\/srcosset.com\/wp-content\/uploads\/2024\/06\/13-Arkana002-212x300.jpg 212w, https:\/\/srcosset.com\/wp-content\/uploads\/2024\/06\/13-Arkana002-768x1086.jpg 768w, https:\/\/srcosset.com\/wp-content\/uploads\/2024\/06\/13-Arkana002-1086x1536.jpg 1086w, https:\/\/srcosset.com\/wp-content\/uploads\/2024\/06\/13-Arkana002-1448x2048.jpg 1448w, https:\/\/srcosset.com\/wp-content\/uploads\/2024\/06\/13-Arkana002-1200x1697.jpg 1200w, https:\/\/srcosset.com\/wp-content\/uploads\/2024\/06\/13-Arkana002-1980x2801.jpg 1980w, https:\/\/srcosset.com\/wp-content\/uploads\/2024\/06\/13-Arkana002-scaled.jpg 1810w\" sizes=\"auto, (max-width: 724px) 100vw, 724px\" \/><\/figure>\n\n\n\n<figure class=\"wp-block-image size-large\"><img loading=\"lazy\" decoding=\"async\" width=\"724\" height=\"1024\" data-id=\"507\" src=\"https:\/\/srcosset.com\/wp-content\/uploads\/2024\/06\/13-Arkana003-724x1024.jpg\" alt=\"\" class=\"wp-image-507\" srcset=\"https:\/\/srcosset.com\/wp-content\/uploads\/2024\/06\/13-Arkana003-724x1024.jpg 724w, https:\/\/srcosset.com\/wp-content\/uploads\/2024\/06\/13-Arkana003-212x300.jpg 212w, https:\/\/srcosset.com\/wp-content\/uploads\/2024\/06\/13-Arkana003-768x1086.jpg 768w, https:\/\/srcosset.com\/wp-content\/uploads\/2024\/06\/13-Arkana003-1086x1536.jpg 1086w, https:\/\/srcosset.com\/wp-content\/uploads\/2024\/06\/13-Arkana003-1448x2048.jpg 1448w, https:\/\/srcosset.com\/wp-content\/uploads\/2024\/06\/13-Arkana003-1200x1697.jpg 1200w, https:\/\/srcosset.com\/wp-content\/uploads\/2024\/06\/13-Arkana003-1980x2801.jpg 1980w, https:\/\/srcosset.com\/wp-content\/uploads\/2024\/06\/13-Arkana003-scaled.jpg 1810w\" sizes=\"auto, (max-width: 724px) 100vw, 724px\" \/><\/figure>\n<\/figure>\n","protected":false},"excerpt":{"rendered":"<p>PRIX DES REMPARTS \u00ab\u00a0Coup de Coeur\u00a0\u00bb 2026 Salon du Livre de NAVARRENX (64) L&rsquo;histoire d&rsquo;Arkana Stalde\u00efn tourne dans ma t\u00eate depuis plus de trente ans. Pr\u00e9vue au d\u00e9part sous forme de BD, elle est devenue inadaptable \u00e0 force de se d\u00e9velopper, d&rsquo;o\u00f9 le choix du roman. Cependant, j&rsquo;avais cumul\u00e9 des esquisses, des illustrations, des recherches [&hellip;]<\/p>\n","protected":false},"author":2,"featured_media":502,"parent":0,"menu_order":16,"comment_status":"closed","ping_status":"closed","template":"","meta":{"footnotes":""},"class_list":["post-496","page","type-page","status-publish","has-post-thumbnail","hentry"],"_links":{"self":[{"href":"https:\/\/srcosset.com\/index.php?rest_route=\/wp\/v2\/pages\/496","targetHints":{"allow":["GET"]}}],"collection":[{"href":"https:\/\/srcosset.com\/index.php?rest_route=\/wp\/v2\/pages"}],"about":[{"href":"https:\/\/srcosset.com\/index.php?rest_route=\/wp\/v2\/types\/page"}],"author":[{"embeddable":true,"href":"https:\/\/srcosset.com\/index.php?rest_route=\/wp\/v2\/users\/2"}],"replies":[{"embeddable":true,"href":"https:\/\/srcosset.com\/index.php?rest_route=%2Fwp%2Fv2%2Fcomments&post=496"}],"version-history":[{"count":7,"href":"https:\/\/srcosset.com\/index.php?rest_route=\/wp\/v2\/pages\/496\/revisions"}],"predecessor-version":[{"id":558,"href":"https:\/\/srcosset.com\/index.php?rest_route=\/wp\/v2\/pages\/496\/revisions\/558"}],"wp:featuredmedia":[{"embeddable":true,"href":"https:\/\/srcosset.com\/index.php?rest_route=\/wp\/v2\/media\/502"}],"wp:attachment":[{"href":"https:\/\/srcosset.com\/index.php?rest_route=%2Fwp%2Fv2%2Fmedia&parent=496"}],"curies":[{"name":"wp","href":"https:\/\/api.w.org\/{rel}","templated":true}]}}